{"id":2166,"date":"2018-12-18T15:22:44","date_gmt":"2018-12-18T15:22:44","guid":{"rendered":"https:\/\/app-cprd-pensions.azurewebsites.net\/?page_id=2166"},"modified":"2023-12-28T15:43:00","modified_gmt":"2023-12-28T15:43:00","slug":"pensiynwr-newydd","status":"publish","type":"page","link":"https:\/\/www.cardiffandvalepensionfund.org.uk\/cy\/pensiynwyr\/pensiynwr-newydd\/","title":{"rendered":"Pensiynwr Newydd"},"content":{"rendered":"<div class=\"wpb-content-wrapper\"><p>[vc_row top_padding=&#8221;0&#8243; bottom_padding=&#8221;0&#8243;][vc_column width=&#8221;1\/1&#8243;][vc_column_text]<\/p>\n<h1>Pensiynwr Newydd<\/h1>\n<p>[\/vc_column_text][\/vc_column][\/vc_row][vc_row top_padding=&#8221;35&#8243;][vc_column width=&#8221;2\/3&#8243;][vc_column_text]Gall gwneud penderfyniad i ymddeol fod yn adeg heriol a llawn straen, a heb os, bydd gennych chi lawer o gwestiynau.\u00a0 Rydym ni yma, yng Nghronfa Pensiwn Caerdydd a Bro Morgannwg, yn dymuno gwneud y cofnod pontio hwn mor esmwyth \u00e2 phosibl ichi, ac rydym ar gael i ateb unrhyw gwestiynau a all fod gennych. Gallwn ni hefyd eich helpu i lenwi\u2019r gwaith papur.<\/p>\n<p>Fodd bynnag, ni all Cronfa Pensiwn Caerdydd a Bro Morgannwg rhoi unrhyw gyngor ariannol ichi.\u00a0 Os oes angen Cyngor Ariannol Annibynnol arnoch, wrth wneud penderfyniadau ynghylch eich ymddeoliad, ewch i <a href=\"https:\/\/www.unbiased.co.uk\/\" target=\"\" rel=\"noopener\">Unbiased\u00a0<i class=\"fa fa-external-link\" aria-hidden=\"true\"><\/i><\/a>.<\/p>\n<p>&nbsp;<\/p>\n<p><strong>Sut mae gwneud cais i Ymddeol?<\/strong><\/p>\n<p>Cewch ymddeol unrhyw bryd ar \u00f4l troi\u2019n 55 oed, neu ar unrhyw oedran os ydych yn bodloni meini prawf ar gyfer ymddeol oherwydd salwch \u2013 os ydych yn credu eich bod yn bodloni\u2019r meini prawf salwch, cysylltwch \u00e2\u2019ch Cyflogwr i gael rhagor o wybodaeth.<\/p>\n<p>Os penderfynwch ymddeol, mae angen ichi roi gwybod i\u2019ch Cyflogwr.\u00a0 Ar \u00f4l i\u2019ch Cyflogwr gadarnhau eich penderfyniad, byddwn yn anfon eich ffigurau ymddeol atoch, ynghyd \u00e2\u2019r dewisiadau sydd ar gael ichi, a hefyd unrhyw ffurflenni y bydd angen ichi eu llenwi i\u2019ch cyfeiriad cartref.<\/p>\n<p><strong>Pa wybodaeth sydd ei hangen i brosesu fy ymddeoliad?<\/strong><\/p>\n<p>Bydd angen ichi lenwi\u2019r holl ffurflenni ymddeol a anfonir atoch gyda\u2019ch ffigurau ymddeol a\u2019u dychwelyd i Gronfa Pensiwn Caerdydd a Bro Morgannwg, yn ogystal ag unrhyw ddogfennau y gofynnwyd amdanyn nhw gyda\u2019r ffurflenni \u2013 er enghraifft:<\/p>\n<ul>\n<li>Tystysgrif Priodas<\/li>\n<li>Datganiad o Bartneriaeth Sifil<\/li>\n<li>Archddyfarniad Absoliwt \u2013 os ydych wedi eich ysgaru neu os diddymwyd eich partneriaeth sifil<\/li>\n<li>Tystysgrif Geni a Thystysgrif Marwolaeth eich priod neu eich partner sifil \u2013 os ydych yn hawlio pensiwn y goroeswr<\/li>\n<\/ul>\n<p>&nbsp;<\/p>\n<p>Bydd angen ichi roi eich manylion cyfrif Banc neu Gymdeithas Adeiladu hefyd, lle yr hoffech inni dalu eich taliadau pensiwn. Hefyd, gallwch drefnu i gael eich swm crynswth di-dreth mewn cyfrif ar wah\u00e2n i gyfrif eich pensiwn.<\/p>\n<p><strong>A all fy mhensiwn gael ei dalu mewn cyfrif banc dramor?<\/strong><\/p>\n<p>Os hoffech inni dalu eich pensiwn mewn cyfrif banc tramor, bydd angen ichi gysylltu \u00e2 th\u00eem taliadau Cyngor Caerdydd ar rif ff\u00f4n:\u00a0<strong> 029 2087 2311<\/strong>\u00a0a gofyn am Ffurflen Mandadu Bancio, gan nodi\u2019r wlad y dymunwch gael eich pensiwn ei dalu.\u00a0 Gall y broses hon gymryd nifer o wythnosau i\u2019w gosod.<\/p>\n<p>&nbsp;<\/p>\n<p>Codir t\u00e2l \u00a32.74 fesul taliad am gael eich pensiwn mewn cyfrif tramor.\u00a0 Didynnir y ffi hon oddi ar y pensiwn a delir i\u2019r banc cyn i\u2019r cyfnewid arian ddigwydd \u2013 dylech wirio gyda\u2019ch banc tramor a oes t\u00e2l a godir am y cyfnewid.<\/p>\n<p><strong>A fydd gennyf slip t\u00e2l papur?<\/strong><\/p>\n<p>Byddwn yn anfon slip t\u00e2l Pensiynwr i\u2019ch cyfeiriad cartref, yn yr amodau canlynol:<\/p>\n<ul>\n<li>i\u2019ch hysbysu am eich taliad pensiwn cyntaf<\/li>\n<li>os yw eich pensiwn yn amrywio gan fwy na \u00a310 y mis<\/li>\n<li>pob mis Ebrill<\/li>\n<\/ul>\n<p>[\/vc_column_text][\/vc_column][vc_column el_class=&#8221;siderow&#8221; width=&#8221;1\/3&#8243;][vc_column_text el_class=&#8221;boxblue&#8221;]<\/p>\n<h3>Gwirio eich Treth Incwm<\/h3>\n<p>Gallwch fynd i wefan y Llywodraeth a gweld faint o dreth y dylech ei thalu.<\/p>\n<p><a href=\"https:\/\/www.gov.uk\/check-income-tax-current-year\" target=\"\" rel=\"noopener\">Cyfrifo Treth <i class=\"fa fa-external-link\" aria-hidden=\"true\"><\/i><\/a>[\/vc_column_text][vc_column_text el_class=&#8221;boxblue&#8221;]<\/p>\n<h3>Tracio Pensiwn y Llywodraeth<\/h3>\n<p>Traciwch bensiynau sydd gennych gyda chyflogwyr blaenorol gan ddefnyddio <a href=\"https:\/\/www.gov.uk\/find-pension-contact-details\" target=\"\" rel=\"noopener\">Gwasanaeth Tracio Pensiynau\u2019r Llywodraeth <i class=\"fa fa-external-link\" aria-hidden=\"true\"><\/i><\/a>[\/vc_column_text][vc_column_text el_class=&#8221;boxblue&#8221;]<\/p>\n<h3>Cynllun Pensiwn Llywodraeth Leol<\/h3>\n<p>Defnyddiwch yr offeryn ar-lein i gyfrifo eich buddion pensiwn.<\/p>\n<p><a href=\"https:\/\/lgpsmember.org\/more\/contscalc.php\" target=\"\" rel=\"noopener\">CPLlL <i class=\"fa fa-external-link\" aria-hidden=\"true\"><\/i><\/a>[\/vc_column_text][vc_column_text el_class=&#8221;boxblue&#8221;]<\/p>\n<h3>Gwasanaeth Arian a Phensiynau <\/h3>\n<p>Gwefan y Llywodraeth yn cynnig canllawiau ac arweiniad diduedd am ddim ar bensiynau<\/p>\n<p>Beth sydd ar gael<\/p>\n<p>Gwybodaeth ac offer ar-lein, gwasanaeth sgwrsio ar-lein, llinell gymorth ff\u00f4n, apwyntiadau personol<\/p>\n<p><a href=\"https:\/\/maps.org.uk\/\" target=\"\" rel=\"noopener\">Gwasanaeth Arian a Phensiynau  <i class=\"fa fa-external-link\"><\/i><\/a>[\/vc_column_text][\/vc_column][\/vc_row]<\/p>\n<\/div>","protected":false},"excerpt":{"rendered":"<p>[vc_row top_padding=&#8221;0&#8243; bottom_padding=&#8221;0&#8243;][vc_column width=&#8221;1\/1&#8243;][vc_column_text] Pensiynwr Newydd [\/vc_column_text][\/vc_column][\/vc_row][vc_row top_padding=&#8221;35&#8243;][vc_column width=&#8221;2\/3&#8243;][vc_column_text]Gall gwneud penderfyniad i ymddeol fod yn adeg heriol a llawn straen, a heb os, bydd gennych chi lawer o gwestiynau.\u00a0 Rydym ni yma, yng Nghronfa Pensiwn Caerdydd a Bro Morgannwg, yn dymuno gwneud y cofnod pontio hwn mor esmwyth \u00e2 phosibl ichi, ac rydym ar gael i ateb unrhyw gwestiynau a all fod gennych. Gallwn ni hefyd eich helpu i lenwi\u2019r gwaith papur. Fodd bynnag, ni all Cronfa Pensiwn Caerdydd a Bro Morgannwg rhoi unrhyw gyngor ariannol ichi.\u00a0 Os oes angen Cyngor Ariannol Annibynnol arnoch, wrth wneud penderfyniadau ynghylch eich ymddeoliad, ewch i Unbiased\u00a0. &nbsp; Sut mae gwneud cais i Ymddeol? Cewch ymddeol unrhyw bryd ar \u00f4l troi\u2019n 55 oed, neu ar unrhyw oedran os ydych yn bodloni meini prawf ar gyfer ymddeol oherwydd salwch \u2013 os ydych yn credu eich bod yn bodloni\u2019r meini prawf salwch, cysylltwch \u00e2\u2019ch Cyflogwr i gael rhagor o wybodaeth. Os penderfynwch ymddeol, mae angen ichi roi gwybod i\u2019ch Cyflogwr.\u00a0 Ar \u00f4l i\u2019ch Cyflogwr gadarnhau eich penderfyniad, byddwn yn anfon eich ffigurau ymddeol atoch, ynghyd \u00e2\u2019r dewisiadau sydd ar gael ichi, a hefyd unrhyw ffurflenni y bydd angen ichi eu llenwi i\u2019ch cyfeiriad cartref. Pa wybodaeth [&hellip;]<\/p>\n","protected":false},"author":4,"featured_media":0,"parent":1074,"menu_order":0,"comment_status":"closed","ping_status":"closed","template":"","meta":{"footnotes":""},"class_list":["post-2166","page","type-page","status-publish","hentry"],"yoast_head":"<!-- This site is optimized with the Yoast SEO plugin v27.4 - https:\/\/yoast.com\/product\/yoast-seo-wordpress\/ -->\n<title>Pensiynwr Newydd - Cronfa Bensiwn Caerdydd a\u2019r Bro Morgannwg<\/title>\n<meta name=\"robots\" content=\"index, follow, max-snippet:-1, max-image-preview:large, max-video-preview:-1\" \/>\n<link rel=\"canonical\" href=\"https:\/\/www.cardiffandvalepensionfund.org.uk\/cy\/pensiynwyr\/pensiynwr-newydd\/\" \/>\n<meta property=\"og:locale\" content=\"cy_GB\" \/>\n<meta property=\"og:type\" content=\"article\" \/>\n<meta property=\"og:title\" content=\"Pensiynwr Newydd - Cronfa Bensiwn Caerdydd a\u2019r Bro Morgannwg\" \/>\n<meta property=\"og:description\" content=\"[vc_row top_padding=&#8221;0&#8243; bottom_padding=&#8221;0&#8243;][vc_column width=&#8221;1\/1&#8243;][vc_column_text] Pensiynwr Newydd [\/vc_column_text][\/vc_column][\/vc_row][vc_row top_padding=&#8221;35&#8243;][vc_column width=&#8221;2\/3&#8243;][vc_column_text]Gall gwneud penderfyniad i ymddeol fod yn adeg heriol a llawn straen, a heb os, bydd gennych chi lawer o gwestiynau.\u00a0 Rydym ni yma, yng Nghronfa Pensiwn Caerdydd a Bro Morgannwg, yn dymuno gwneud y cofnod pontio hwn mor esmwyth \u00e2 phosibl ichi, ac rydym ar gael i ateb unrhyw gwestiynau a all fod gennych. Gallwn ni hefyd eich helpu i lenwi\u2019r gwaith papur. Fodd bynnag, ni all Cronfa Pensiwn Caerdydd a Bro Morgannwg rhoi unrhyw gyngor ariannol ichi.\u00a0 Os oes angen Cyngor Ariannol Annibynnol arnoch, wrth wneud penderfyniadau ynghylch eich ymddeoliad, ewch i Unbiased\u00a0. &nbsp; Sut mae gwneud cais i Ymddeol? Cewch ymddeol unrhyw bryd ar \u00f4l troi\u2019n 55 oed, neu ar unrhyw oedran os ydych yn bodloni meini prawf ar gyfer ymddeol oherwydd salwch \u2013 os ydych yn credu eich bod yn bodloni\u2019r meini prawf salwch, cysylltwch \u00e2\u2019ch Cyflogwr i gael rhagor o wybodaeth. Os penderfynwch ymddeol, mae angen ichi roi gwybod i\u2019ch Cyflogwr.\u00a0 Ar \u00f4l i\u2019ch Cyflogwr gadarnhau eich penderfyniad, byddwn yn anfon eich ffigurau ymddeol atoch, ynghyd \u00e2\u2019r dewisiadau sydd ar gael ichi, a hefyd unrhyw ffurflenni y bydd angen ichi eu llenwi i\u2019ch cyfeiriad cartref. Pa wybodaeth [&hellip;]\" \/>\n<meta property=\"og:url\" content=\"https:\/\/www.cardiffandvalepensionfund.org.uk\/cy\/pensiynwyr\/pensiynwr-newydd\/\" \/>\n<meta property=\"og:site_name\" content=\"Cronfa Bensiwn Caerdydd a\u2019r Bro Morgannwg\" \/>\n<meta property=\"article:modified_time\" content=\"2023-12-28T15:43:00+00:00\" \/>\n<meta name=\"twitter:card\" content=\"summary_large_image\" \/>\n<meta name=\"twitter:label1\" content=\"Est. reading time\" \/>\n\t<meta name=\"twitter:data1\" content=\"3 minutes\" \/>\n<script type=\"application\/ld+json\" class=\"yoast-schema-graph\">{\"@context\":\"https:\\\/\\\/schema.org\",\"@graph\":[{\"@type\":\"WebPage\",\"@id\":\"https:\\\/\\\/www.cardiffandvalepensionfund.org.uk\\\/cy\\\/pensiynwyr\\\/pensiynwr-newydd\\\/\",\"url\":\"https:\\\/\\\/www.cardiffandvalepensionfund.org.uk\\\/cy\\\/pensiynwyr\\\/pensiynwr-newydd\\\/\",\"name\":\"Pensiynwr Newydd - Cronfa Bensiwn Caerdydd a\u2019r Bro Morgannwg\",\"isPartOf\":{\"@id\":\"https:\\\/\\\/www.cardiffandvalepensionfund.org.uk\\\/#website\"},\"datePublished\":\"2018-12-18T15:22:44+00:00\",\"dateModified\":\"2023-12-28T15:43:00+00:00\",\"breadcrumb\":{\"@id\":\"https:\\\/\\\/www.cardiffandvalepensionfund.org.uk\\\/cy\\\/pensiynwyr\\\/pensiynwr-newydd\\\/#breadcrumb\"},\"inLanguage\":\"cy-GB\",\"potentialAction\":[{\"@type\":\"ReadAction\",\"target\":[\"https:\\\/\\\/www.cardiffandvalepensionfund.org.uk\\\/cy\\\/pensiynwyr\\\/pensiynwr-newydd\\\/\"]}]},{\"@type\":\"BreadcrumbList\",\"@id\":\"https:\\\/\\\/www.cardiffandvalepensionfund.org.uk\\\/cy\\\/pensiynwyr\\\/pensiynwr-newydd\\\/#breadcrumb\",\"itemListElement\":[{\"@type\":\"ListItem\",\"position\":1,\"name\":\"Home\",\"item\":\"https:\\\/\\\/www.cardiffandvalepensionfund.org.uk\\\/cy\\\/\"},{\"@type\":\"ListItem\",\"position\":2,\"name\":\"Pensiynwyr\",\"item\":\"https:\\\/\\\/www.cardiffandvalepensionfund.org.uk\\\/cy\\\/pensiynwyr\\\/\"},{\"@type\":\"ListItem\",\"position\":3,\"name\":\"Pensiynwr Newydd\"}]},{\"@type\":\"WebSite\",\"@id\":\"https:\\\/\\\/www.cardiffandvalepensionfund.org.uk\\\/#website\",\"url\":\"https:\\\/\\\/www.cardiffandvalepensionfund.org.uk\\\/\",\"name\":\"Cronfa Bensiwn Caerdydd a\u2019r Bro Morgannwg\",\"description\":\"Looking after your future\",\"publisher\":{\"@id\":\"https:\\\/\\\/www.cardiffandvalepensionfund.org.uk\\\/#organization\"},\"potentialAction\":[{\"@type\":\"SearchAction\",\"target\":{\"@type\":\"EntryPoint\",\"urlTemplate\":\"https:\\\/\\\/www.cardiffandvalepensionfund.org.uk\\\/?s={search_term_string}\"},\"query-input\":{\"@type\":\"PropertyValueSpecification\",\"valueRequired\":true,\"valueName\":\"search_term_string\"}}],\"inLanguage\":\"cy-GB\"},{\"@type\":\"Organization\",\"@id\":\"https:\\\/\\\/www.cardiffandvalepensionfund.org.uk\\\/#organization\",\"name\":\"Cardiff and Vale of Glamorgan Pension Fund\",\"url\":\"https:\\\/\\\/www.cardiffandvalepensionfund.org.uk\\\/\",\"logo\":{\"@type\":\"ImageObject\",\"inLanguage\":\"cy-GB\",\"@id\":\"https:\\\/\\\/www.cardiffandvalepensionfund.org.uk\\\/#\\\/schema\\\/logo\\\/image\\\/\",\"url\":\"https:\\\/\\\/www.cardiffandvalepensionfund.org.uk\\\/wp-content\\\/uploads\\\/Logox2.png\",\"contentUrl\":\"https:\\\/\\\/www.cardiffandvalepensionfund.org.uk\\\/wp-content\\\/uploads\\\/Logox2.png\",\"width\":511,\"height\":300,\"caption\":\"Cardiff and Vale of Glamorgan Pension Fund\"},\"image\":{\"@id\":\"https:\\\/\\\/www.cardiffandvalepensionfund.org.uk\\\/#\\\/schema\\\/logo\\\/image\\\/\"}}]}<\/script>\n<!-- \/ Yoast SEO plugin. -->","yoast_head_json":{"title":"Pensiynwr Newydd - Cronfa Bensiwn Caerdydd a\u2019r Bro Morgannwg","robots":{"index":"index","follow":"follow","max-snippet":"max-snippet:-1","max-image-preview":"max-image-preview:large","max-video-preview":"max-video-preview:-1"},"canonical":"https:\/\/www.cardiffandvalepensionfund.org.uk\/cy\/pensiynwyr\/pensiynwr-newydd\/","og_locale":"cy_GB","og_type":"article","og_title":"Pensiynwr Newydd - Cronfa Bensiwn Caerdydd a\u2019r Bro Morgannwg","og_description":"[vc_row top_padding=&#8221;0&#8243; bottom_padding=&#8221;0&#8243;][vc_column width=&#8221;1\/1&#8243;][vc_column_text] Pensiynwr Newydd [\/vc_column_text][\/vc_column][\/vc_row][vc_row top_padding=&#8221;35&#8243;][vc_column width=&#8221;2\/3&#8243;][vc_column_text]Gall gwneud penderfyniad i ymddeol fod yn adeg heriol a llawn straen, a heb os, bydd gennych chi lawer o gwestiynau.\u00a0 Rydym ni yma, yng Nghronfa Pensiwn Caerdydd a Bro Morgannwg, yn dymuno gwneud y cofnod pontio hwn mor esmwyth \u00e2 phosibl ichi, ac rydym ar gael i ateb unrhyw gwestiynau a all fod gennych. Gallwn ni hefyd eich helpu i lenwi\u2019r gwaith papur. Fodd bynnag, ni all Cronfa Pensiwn Caerdydd a Bro Morgannwg rhoi unrhyw gyngor ariannol ichi.\u00a0 Os oes angen Cyngor Ariannol Annibynnol arnoch, wrth wneud penderfyniadau ynghylch eich ymddeoliad, ewch i Unbiased\u00a0. &nbsp; Sut mae gwneud cais i Ymddeol? Cewch ymddeol unrhyw bryd ar \u00f4l troi\u2019n 55 oed, neu ar unrhyw oedran os ydych yn bodloni meini prawf ar gyfer ymddeol oherwydd salwch \u2013 os ydych yn credu eich bod yn bodloni\u2019r meini prawf salwch, cysylltwch \u00e2\u2019ch Cyflogwr i gael rhagor o wybodaeth. Os penderfynwch ymddeol, mae angen ichi roi gwybod i\u2019ch Cyflogwr.\u00a0 Ar \u00f4l i\u2019ch Cyflogwr gadarnhau eich penderfyniad, byddwn yn anfon eich ffigurau ymddeol atoch, ynghyd \u00e2\u2019r dewisiadau sydd ar gael ichi, a hefyd unrhyw ffurflenni y bydd angen ichi eu llenwi i\u2019ch cyfeiriad cartref. Pa wybodaeth [&hellip;]","og_url":"https:\/\/www.cardiffandvalepensionfund.org.uk\/cy\/pensiynwyr\/pensiynwr-newydd\/","og_site_name":"Cronfa Bensiwn Caerdydd a\u2019r Bro Morgannwg","article_modified_time":"2023-12-28T15:43:00+00:00","twitter_card":"summary_large_image","twitter_misc":{"Est. reading time":"3 minutes"},"schema":{"@context":"https:\/\/schema.org","@graph":[{"@type":"WebPage","@id":"https:\/\/www.cardiffandvalepensionfund.org.uk\/cy\/pensiynwyr\/pensiynwr-newydd\/","url":"https:\/\/www.cardiffandvalepensionfund.org.uk\/cy\/pensiynwyr\/pensiynwr-newydd\/","name":"Pensiynwr Newydd - Cronfa Bensiwn Caerdydd a\u2019r Bro Morgannwg","isPartOf":{"@id":"https:\/\/www.cardiffandvalepensionfund.org.uk\/#website"},"datePublished":"2018-12-18T15:22:44+00:00","dateModified":"2023-12-28T15:43:00+00:00","breadcrumb":{"@id":"https:\/\/www.cardiffandvalepensionfund.org.uk\/cy\/pensiynwyr\/pensiynwr-newydd\/#breadcrumb"},"inLanguage":"cy-GB","potentialAction":[{"@type":"ReadAction","target":["https:\/\/www.cardiffandvalepensionfund.org.uk\/cy\/pensiynwyr\/pensiynwr-newydd\/"]}]},{"@type":"BreadcrumbList","@id":"https:\/\/www.cardiffandvalepensionfund.org.uk\/cy\/pensiynwyr\/pensiynwr-newydd\/#breadcrumb","itemListElement":[{"@type":"ListItem","position":1,"name":"Home","item":"https:\/\/www.cardiffandvalepensionfund.org.uk\/cy\/"},{"@type":"ListItem","position":2,"name":"Pensiynwyr","item":"https:\/\/www.cardiffandvalepensionfund.org.uk\/cy\/pensiynwyr\/"},{"@type":"ListItem","position":3,"name":"Pensiynwr Newydd"}]},{"@type":"WebSite","@id":"https:\/\/www.cardiffandvalepensionfund.org.uk\/#website","url":"https:\/\/www.cardiffandvalepensionfund.org.uk\/","name":"Cronfa Bensiwn Caerdydd a\u2019r Bro Morgannwg","description":"Looking after your future","publisher":{"@id":"https:\/\/www.cardiffandvalepensionfund.org.uk\/#organization"},"potentialAction":[{"@type":"SearchAction","target":{"@type":"EntryPoint","urlTemplate":"https:\/\/www.cardiffandvalepensionfund.org.uk\/?s={search_term_string}"},"query-input":{"@type":"PropertyValueSpecification","valueRequired":true,"valueName":"search_term_string"}}],"inLanguage":"cy-GB"},{"@type":"Organization","@id":"https:\/\/www.cardiffandvalepensionfund.org.uk\/#organization","name":"Cardiff and Vale of Glamorgan Pension Fund","url":"https:\/\/www.cardiffandvalepensionfund.org.uk\/","logo":{"@type":"ImageObject","inLanguage":"cy-GB","@id":"https:\/\/www.cardiffandvalepensionfund.org.uk\/#\/schema\/logo\/image\/","url":"https:\/\/www.cardiffandvalepensionfund.org.uk\/wp-content\/uploads\/Logox2.png","contentUrl":"https:\/\/www.cardiffandvalepensionfund.org.uk\/wp-content\/uploads\/Logox2.png","width":511,"height":300,"caption":"Cardiff and Vale of Glamorgan Pension Fund"},"image":{"@id":"https:\/\/www.cardiffandvalepensionfund.org.uk\/#\/schema\/logo\/image\/"}}]}},"_links":{"self":[{"href":"https:\/\/www.cardiffandvalepensionfund.org.uk\/cy\/wp-json\/wp\/v2\/pages\/2166","targetHints":{"allow":["GET"]}}],"collection":[{"href":"https:\/\/www.cardiffandvalepensionfund.org.uk\/cy\/wp-json\/wp\/v2\/pages"}],"about":[{"href":"https:\/\/www.cardiffandvalepensionfund.org.uk\/cy\/wp-json\/wp\/v2\/types\/page"}],"author":[{"embeddable":true,"href":"https:\/\/www.cardiffandvalepensionfund.org.uk\/cy\/wp-json\/wp\/v2\/users\/4"}],"replies":[{"embeddable":true,"href":"https:\/\/www.cardiffandvalepensionfund.org.uk\/cy\/wp-json\/wp\/v2\/comments?post=2166"}],"version-history":[{"count":5,"href":"https:\/\/www.cardiffandvalepensionfund.org.uk\/cy\/wp-json\/wp\/v2\/pages\/2166\/revisions"}],"predecessor-version":[{"id":2226,"href":"https:\/\/www.cardiffandvalepensionfund.org.uk\/cy\/wp-json\/wp\/v2\/pages\/2166\/revisions\/2226"}],"up":[{"embeddable":true,"href":"https:\/\/www.cardiffandvalepensionfund.org.uk\/cy\/wp-json\/wp\/v2\/pages\/1074"}],"wp:attachment":[{"href":"https:\/\/www.cardiffandvalepensionfund.org.uk\/cy\/wp-json\/wp\/v2\/media?parent=2166"}],"curies":[{"name":"wp","href":"https:\/\/api.w.org\/{rel}","templated":true}]}}