{"id":2259,"date":"2018-12-28T12:22:19","date_gmt":"2018-12-28T12:22:19","guid":{"rendered":"https:\/\/app-cprd-pensions.azurewebsites.net\/?page_id=2259"},"modified":"2024-04-23T09:36:32","modified_gmt":"2024-04-23T09:36:32","slug":"trosglwyddo-eich-buddion","status":"publish","type":"page","link":"https:\/\/www.cardiffandvalepensionfund.org.uk\/cy\/gohiriedig\/trosglwyddo-eich-buddion\/","title":{"rendered":"Trosglwyddo eich Buddion"},"content":{"rendered":"<div class=\"wpb-content-wrapper\"><p>[vc_row][vc_column width=&#8221;1\/1&#8243;][vc_column_text]<\/p>\n<h1>Trosglwyddo eich Buddion<\/h1>\n<p>[\/vc_column_text][\/vc_column][\/vc_row][vc_row top_padding=&#8221;45&#8243;][vc_column width=&#8221;2\/3&#8243;]<div class=\"video-embed  wpb_content_element\"><iframe loading=\"lazy\" title=\"Pensiynau yn Syml: 8. Trosglwyddo&#039;ch pensiwn\" src=\"https:\/\/player.vimeo.com\/video\/518595046?dnt=1&amp;app_id=122963\" width=\"1161\" height=\"653\" frameborder=\"0\" allow=\"autoplay; fullscreen; picture-in-picture; clipboard-write; encrypted-media; web-share\" referrerpolicy=\"strict-origin-when-cross-origin\"><\/iframe><\/div>[vc_column_text]Ar \u00f4l i chi adael cyflogaeth llywodraeth leol gyda phensiwn CPLlL \u00e2 buddion gohiriedig, gallwch benderfynu a ydych am adael eich buddion yn y cynllun lle byddant yn cynyddu yn unol \u00e2 chwyddiant bob blwyddyn, neu eu trosglwyddo i gynllun cyflogwr newydd neu gynllun pensiwn personol. Mae hyd yn oed yn bosibl trosglwyddo\u2019r rhain i gynllun pensiwn tramor.<\/p>\n<p>Ni allwch drosglwyddo eich buddion os ydych yn gadael gyda llai na blwyddyn cyn eich oedran pensiwn arferol, naill ai dan CPLlL 2007 neu CPLlL 2013, ni waeth a adawsoch cyn neu ar \u00f4l 1 Ebrill 2014.<\/p>\n<p><strong>Sut mae trosglwyddo fy muddion gohiriedig?<\/strong><\/p>\n<p>Os dymunwch drosglwyddo eich buddion pensiwn o\u2019r CPLlL, rhaid i chi gysylltu \u00e2\u2019ch darparwr pensiwn newydd i ofyn am werth trosglwyddo. Byddant yn gofyn i chi gwblhau rhai Ffurflenni Awdurdodi Trosglwyddiad sy\u2019n rhoi awdurdod iddynt gysylltu \u00e2 ni a gofyn am ddyfynbris gan Gronfa Bensiwn Caerdydd a Bro Morgannwg. Pan fyddwn yn anfon dyfynbris trosglwyddiad, caiff ei warantu am 3 mis o\u2019r dyddiad cyfrifo. Os byddwch yn trosglwyddo eich buddion CPLlL i drefniad <strong>Cyfraniadau Diffiniedig<\/strong>, RHAID eich bod wedi cael cyngor gan Ymgynghorydd Ariannol Annbynnol (YAA) a awdurdodir gan yr Awdurdod Ymddygiad Ariannol (AYA) \u2013 gellid codi ffi am hyn<\/p>\n<h2><strong>Ailymaelodi \u00e2\u2019r CPLlL gyda Chronfa Bensiwn Llywodraeth Leol arall<\/strong><\/h2>\n<p>Os ydych yn ailymaelodi neu rydych eisoes wedi ailymaelodi \u00e2\u2019r CPLlL mewn cronfa bensiwn arall yng Nghymru a Lloegr, rhaid i chi:<\/p>\n<ol>\n<li>ddweud wrth y Gronfa Bensiwn rydych wedi ymaelodai \u00e2 hi bod gennych fuddion pensiwn gohiriedig yng Nghronfa Bensiwn Caerdydd a Bro Morgannwg<\/li>\n<li>dweud wrth Gronfa Bensiwn Caerdydd a Bro Morgannwg eich bod yn aelod gweithredol o gronfa CPLlL arall yng Nghymru a Lloegr<\/li>\n<li>dweud wrth Gronfa Bensiwn Caerdydd a Bro Morgannwg eich bod yn aelod gweithredol o unrhyw wasanaeth yn y cyfamser yng nghynllun pensiwn unrhyw wasanaeth cyhoeddus arall (hyd yn oed os derbyniwyd ad-daliad o gyfraniadau mewn perthynas \u00e2\u2019r gwasanaeth hwnnw).<\/li>\n<\/ol>\n<p>Mae angen pwyntiau 1 a 2 i sicrhau eich bod yn cael gwybod am yr holl opsiynau priodol sydd ar gael i chi am grynhoi eich buddion. Os nad ydych yn ein hysbysu bod pwynt 3 yn berthnasol i chi, mae\u2019n bosib na chaiff rhai hawliau statudol eu rhoi i\u2019ch buddion. Er enghraifft, i gyswllt cyflog terfynol os byddwch yn penderfynu crynhoi unrhyw aelodaeth CPLlL cyn 1 Ebrill 2014.<\/p>\n<p>Os byddwch yn trosglwyddo eich pensiwn i gronfa y tu allan i\u2019r CP, NI fydd hawl i chi dderbyn unrhyw fuddion ychwanegol gan y CPLlL i chi eich hun neu unrhyw oroeswr.[\/vc_column_text][\/vc_column][vc_column el_class=&#8221;siderow&#8221; width=&#8221;1\/3&#8243;][vc_column_text el_class=&#8221;boxred&#8221;]<\/p>\n<h3>Gwnewch gais i drosglwyddo buddion pensiwn blaenorol<\/h3>\n<p><a href=\"https:\/\/cardiffandvalepensionfund.org.uk\/wp-content\/uploads\/Transfer-Authorisation-Form-English-22.04.2024-FINAL-TRA186897.doc\">Ffurflen Awdurdodi Trosglwyddiad<\/a><i class=\"fa fa-file-pdf-o\" aria-hidden=\"true\"><\/i>[\/vc_column_text][vc_column_text el_class=&#8221;boxblue&#8221;]<\/p>\n<h3>Cynllun Pensiwn Llywodraeth Leol<\/h3>\n<p>Ewch i wefan CPLlL i gael rhagor o fanylion am eich pensiwn a defnyddio offer ar-lein i\u2019ch helpu i gyfrifo\u2019ch cyfraniadau pensiwn neu weld oddeutu faint fydd eich pensiwn pan fyddwch yn ymddeol.<\/p>\n<p><a href=\"https:\/\/lgpsmember.org\/index.php\" target=\"\" rel=\"noopener\">CPLlL <i class=\"fa fa-external-link\" aria-hidden=\"true\"><\/i><\/a>[\/vc_column_text][vc_column_text el_class=&#8221;boxred&#8221;]<\/p>\n<h3>Cwestiwn?<\/h3>\n<p><a title=\"Cysylltwch \u00e2 ni\" href=\"\/cy\/cysylltu-a-ni\/\">Cysylltwch \u00e2 ni.<\/a>[\/vc_column_text][\/vc_column][\/vc_row]<\/p>\n<\/div>","protected":false},"excerpt":{"rendered":"<p>[vc_row][vc_column width=&#8221;1\/1&#8243;][vc_column_text] Trosglwyddo eich Buddion [\/vc_column_text][\/vc_column][\/vc_row][vc_row top_padding=&#8221;45&#8243;][vc_column width=&#8221;2\/3&#8243;][vc_column_text]Ar \u00f4l i chi adael cyflogaeth llywodraeth leol gyda phensiwn CPLlL \u00e2 buddion gohiriedig, gallwch benderfynu a ydych am adael eich buddion yn y cynllun lle byddant yn cynyddu yn unol \u00e2 chwyddiant bob blwyddyn, neu eu trosglwyddo i gynllun cyflogwr newydd neu gynllun pensiwn personol. Mae hyd yn oed yn bosibl trosglwyddo\u2019r rhain i gynllun pensiwn tramor. Ni allwch drosglwyddo eich buddion os ydych yn gadael gyda llai na blwyddyn cyn eich oedran pensiwn arferol, naill ai dan CPLlL 2007 neu CPLlL 2013, ni waeth a adawsoch cyn neu ar \u00f4l 1 Ebrill 2014. Sut mae trosglwyddo fy muddion gohiriedig? Os dymunwch drosglwyddo eich buddion pensiwn o\u2019r CPLlL, rhaid i chi gysylltu \u00e2\u2019ch darparwr pensiwn newydd i ofyn am werth trosglwyddo. Byddant yn gofyn i chi gwblhau rhai Ffurflenni Awdurdodi Trosglwyddiad sy\u2019n rhoi awdurdod iddynt gysylltu \u00e2 ni a gofyn am ddyfynbris gan Gronfa Bensiwn Caerdydd a Bro Morgannwg. Pan fyddwn yn anfon dyfynbris trosglwyddiad, caiff ei warantu am 3 mis o\u2019r dyddiad cyfrifo. Os byddwch yn trosglwyddo eich buddion CPLlL i drefniad Cyfraniadau Diffiniedig, RHAID eich bod wedi cael cyngor gan Ymgynghorydd Ariannol Annbynnol (YAA) a awdurdodir gan yr Awdurdod Ymddygiad [&hellip;]<\/p>\n","protected":false},"author":4,"featured_media":0,"parent":1103,"menu_order":0,"comment_status":"closed","ping_status":"closed","template":"","meta":{"footnotes":""},"class_list":["post-2259","page","type-page","status-publish","hentry"],"yoast_head":"<!-- This site is optimized with the Yoast SEO plugin v27.4 - https:\/\/yoast.com\/product\/yoast-seo-wordpress\/ -->\n<title>Trosglwyddo eich Buddion - Cronfa Bensiwn Caerdydd a\u2019r Bro Morgannwg<\/title>\n<meta name=\"robots\" content=\"index, follow, max-snippet:-1, max-image-preview:large, max-video-preview:-1\" \/>\n<link rel=\"canonical\" href=\"https:\/\/www.cardiffandvalepensionfund.org.uk\/cy\/gohiriedig\/trosglwyddo-eich-buddion\/\" \/>\n<meta property=\"og:locale\" content=\"cy_GB\" \/>\n<meta property=\"og:type\" content=\"article\" \/>\n<meta property=\"og:title\" content=\"Trosglwyddo eich Buddion - Cronfa Bensiwn Caerdydd a\u2019r Bro Morgannwg\" \/>\n<meta property=\"og:description\" content=\"[vc_row][vc_column width=&#8221;1\/1&#8243;][vc_column_text] Trosglwyddo eich Buddion [\/vc_column_text][\/vc_column][\/vc_row][vc_row top_padding=&#8221;45&#8243;][vc_column width=&#8221;2\/3&#8243;][vc_column_text]Ar \u00f4l i chi adael cyflogaeth llywodraeth leol gyda phensiwn CPLlL \u00e2 buddion gohiriedig, gallwch benderfynu a ydych am adael eich buddion yn y cynllun lle byddant yn cynyddu yn unol \u00e2 chwyddiant bob blwyddyn, neu eu trosglwyddo i gynllun cyflogwr newydd neu gynllun pensiwn personol. Mae hyd yn oed yn bosibl trosglwyddo\u2019r rhain i gynllun pensiwn tramor. Ni allwch drosglwyddo eich buddion os ydych yn gadael gyda llai na blwyddyn cyn eich oedran pensiwn arferol, naill ai dan CPLlL 2007 neu CPLlL 2013, ni waeth a adawsoch cyn neu ar \u00f4l 1 Ebrill 2014. Sut mae trosglwyddo fy muddion gohiriedig? Os dymunwch drosglwyddo eich buddion pensiwn o\u2019r CPLlL, rhaid i chi gysylltu \u00e2\u2019ch darparwr pensiwn newydd i ofyn am werth trosglwyddo. Byddant yn gofyn i chi gwblhau rhai Ffurflenni Awdurdodi Trosglwyddiad sy\u2019n rhoi awdurdod iddynt gysylltu \u00e2 ni a gofyn am ddyfynbris gan Gronfa Bensiwn Caerdydd a Bro Morgannwg. Pan fyddwn yn anfon dyfynbris trosglwyddiad, caiff ei warantu am 3 mis o\u2019r dyddiad cyfrifo. Os byddwch yn trosglwyddo eich buddion CPLlL i drefniad Cyfraniadau Diffiniedig, RHAID eich bod wedi cael cyngor gan Ymgynghorydd Ariannol Annbynnol (YAA) a awdurdodir gan yr Awdurdod Ymddygiad [&hellip;]\" \/>\n<meta property=\"og:url\" content=\"https:\/\/www.cardiffandvalepensionfund.org.uk\/cy\/gohiriedig\/trosglwyddo-eich-buddion\/\" \/>\n<meta property=\"og:site_name\" content=\"Cronfa Bensiwn Caerdydd a\u2019r Bro Morgannwg\" \/>\n<meta property=\"article:modified_time\" content=\"2024-04-23T09:36:32+00:00\" \/>\n<meta name=\"twitter:card\" content=\"summary_large_image\" \/>\n<meta name=\"twitter:label1\" content=\"Est. reading time\" \/>\n\t<meta name=\"twitter:data1\" content=\"3 minutes\" \/>\n<script type=\"application\/ld+json\" class=\"yoast-schema-graph\">{\"@context\":\"https:\\\/\\\/schema.org\",\"@graph\":[{\"@type\":\"WebPage\",\"@id\":\"https:\\\/\\\/www.cardiffandvalepensionfund.org.uk\\\/cy\\\/gohiriedig\\\/trosglwyddo-eich-buddion\\\/\",\"url\":\"https:\\\/\\\/www.cardiffandvalepensionfund.org.uk\\\/cy\\\/gohiriedig\\\/trosglwyddo-eich-buddion\\\/\",\"name\":\"Trosglwyddo eich Buddion - Cronfa Bensiwn Caerdydd a\u2019r Bro Morgannwg\",\"isPartOf\":{\"@id\":\"https:\\\/\\\/www.cardiffandvalepensionfund.org.uk\\\/#website\"},\"datePublished\":\"2018-12-28T12:22:19+00:00\",\"dateModified\":\"2024-04-23T09:36:32+00:00\",\"breadcrumb\":{\"@id\":\"https:\\\/\\\/www.cardiffandvalepensionfund.org.uk\\\/cy\\\/gohiriedig\\\/trosglwyddo-eich-buddion\\\/#breadcrumb\"},\"inLanguage\":\"cy-GB\",\"potentialAction\":[{\"@type\":\"ReadAction\",\"target\":[\"https:\\\/\\\/www.cardiffandvalepensionfund.org.uk\\\/cy\\\/gohiriedig\\\/trosglwyddo-eich-buddion\\\/\"]}]},{\"@type\":\"BreadcrumbList\",\"@id\":\"https:\\\/\\\/www.cardiffandvalepensionfund.org.uk\\\/cy\\\/gohiriedig\\\/trosglwyddo-eich-buddion\\\/#breadcrumb\",\"itemListElement\":[{\"@type\":\"ListItem\",\"position\":1,\"name\":\"Home\",\"item\":\"https:\\\/\\\/www.cardiffandvalepensionfund.org.uk\\\/cy\\\/\"},{\"@type\":\"ListItem\",\"position\":2,\"name\":\"Gohiriedig\",\"item\":\"https:\\\/\\\/www.cardiffandvalepensionfund.org.uk\\\/cy\\\/gohiriedig\\\/\"},{\"@type\":\"ListItem\",\"position\":3,\"name\":\"Trosglwyddo eich Buddion\"}]},{\"@type\":\"WebSite\",\"@id\":\"https:\\\/\\\/www.cardiffandvalepensionfund.org.uk\\\/#website\",\"url\":\"https:\\\/\\\/www.cardiffandvalepensionfund.org.uk\\\/\",\"name\":\"Cronfa Bensiwn Caerdydd a\u2019r Bro Morgannwg\",\"description\":\"Looking after your future\",\"publisher\":{\"@id\":\"https:\\\/\\\/www.cardiffandvalepensionfund.org.uk\\\/#organization\"},\"potentialAction\":[{\"@type\":\"SearchAction\",\"target\":{\"@type\":\"EntryPoint\",\"urlTemplate\":\"https:\\\/\\\/www.cardiffandvalepensionfund.org.uk\\\/?s={search_term_string}\"},\"query-input\":{\"@type\":\"PropertyValueSpecification\",\"valueRequired\":true,\"valueName\":\"search_term_string\"}}],\"inLanguage\":\"cy-GB\"},{\"@type\":\"Organization\",\"@id\":\"https:\\\/\\\/www.cardiffandvalepensionfund.org.uk\\\/#organization\",\"name\":\"Cardiff and Vale of Glamorgan Pension Fund\",\"url\":\"https:\\\/\\\/www.cardiffandvalepensionfund.org.uk\\\/\",\"logo\":{\"@type\":\"ImageObject\",\"inLanguage\":\"cy-GB\",\"@id\":\"https:\\\/\\\/www.cardiffandvalepensionfund.org.uk\\\/#\\\/schema\\\/logo\\\/image\\\/\",\"url\":\"https:\\\/\\\/www.cardiffandvalepensionfund.org.uk\\\/wp-content\\\/uploads\\\/Logox2.png\",\"contentUrl\":\"https:\\\/\\\/www.cardiffandvalepensionfund.org.uk\\\/wp-content\\\/uploads\\\/Logox2.png\",\"width\":511,\"height\":300,\"caption\":\"Cardiff and Vale of Glamorgan Pension Fund\"},\"image\":{\"@id\":\"https:\\\/\\\/www.cardiffandvalepensionfund.org.uk\\\/#\\\/schema\\\/logo\\\/image\\\/\"}}]}<\/script>\n<!-- \/ Yoast SEO plugin. -->","yoast_head_json":{"title":"Trosglwyddo eich Buddion - Cronfa Bensiwn Caerdydd a\u2019r Bro Morgannwg","robots":{"index":"index","follow":"follow","max-snippet":"max-snippet:-1","max-image-preview":"max-image-preview:large","max-video-preview":"max-video-preview:-1"},"canonical":"https:\/\/www.cardiffandvalepensionfund.org.uk\/cy\/gohiriedig\/trosglwyddo-eich-buddion\/","og_locale":"cy_GB","og_type":"article","og_title":"Trosglwyddo eich Buddion - Cronfa Bensiwn Caerdydd a\u2019r Bro Morgannwg","og_description":"[vc_row][vc_column width=&#8221;1\/1&#8243;][vc_column_text] Trosglwyddo eich Buddion [\/vc_column_text][\/vc_column][\/vc_row][vc_row top_padding=&#8221;45&#8243;][vc_column width=&#8221;2\/3&#8243;][vc_column_text]Ar \u00f4l i chi adael cyflogaeth llywodraeth leol gyda phensiwn CPLlL \u00e2 buddion gohiriedig, gallwch benderfynu a ydych am adael eich buddion yn y cynllun lle byddant yn cynyddu yn unol \u00e2 chwyddiant bob blwyddyn, neu eu trosglwyddo i gynllun cyflogwr newydd neu gynllun pensiwn personol. Mae hyd yn oed yn bosibl trosglwyddo\u2019r rhain i gynllun pensiwn tramor. Ni allwch drosglwyddo eich buddion os ydych yn gadael gyda llai na blwyddyn cyn eich oedran pensiwn arferol, naill ai dan CPLlL 2007 neu CPLlL 2013, ni waeth a adawsoch cyn neu ar \u00f4l 1 Ebrill 2014. Sut mae trosglwyddo fy muddion gohiriedig? Os dymunwch drosglwyddo eich buddion pensiwn o\u2019r CPLlL, rhaid i chi gysylltu \u00e2\u2019ch darparwr pensiwn newydd i ofyn am werth trosglwyddo. Byddant yn gofyn i chi gwblhau rhai Ffurflenni Awdurdodi Trosglwyddiad sy\u2019n rhoi awdurdod iddynt gysylltu \u00e2 ni a gofyn am ddyfynbris gan Gronfa Bensiwn Caerdydd a Bro Morgannwg. Pan fyddwn yn anfon dyfynbris trosglwyddiad, caiff ei warantu am 3 mis o\u2019r dyddiad cyfrifo. Os byddwch yn trosglwyddo eich buddion CPLlL i drefniad Cyfraniadau Diffiniedig, RHAID eich bod wedi cael cyngor gan Ymgynghorydd Ariannol Annbynnol (YAA) a awdurdodir gan yr Awdurdod Ymddygiad [&hellip;]","og_url":"https:\/\/www.cardiffandvalepensionfund.org.uk\/cy\/gohiriedig\/trosglwyddo-eich-buddion\/","og_site_name":"Cronfa Bensiwn Caerdydd a\u2019r Bro Morgannwg","article_modified_time":"2024-04-23T09:36:32+00:00","twitter_card":"summary_large_image","twitter_misc":{"Est. reading time":"3 minutes"},"schema":{"@context":"https:\/\/schema.org","@graph":[{"@type":"WebPage","@id":"https:\/\/www.cardiffandvalepensionfund.org.uk\/cy\/gohiriedig\/trosglwyddo-eich-buddion\/","url":"https:\/\/www.cardiffandvalepensionfund.org.uk\/cy\/gohiriedig\/trosglwyddo-eich-buddion\/","name":"Trosglwyddo eich Buddion - Cronfa Bensiwn Caerdydd a\u2019r Bro Morgannwg","isPartOf":{"@id":"https:\/\/www.cardiffandvalepensionfund.org.uk\/#website"},"datePublished":"2018-12-28T12:22:19+00:00","dateModified":"2024-04-23T09:36:32+00:00","breadcrumb":{"@id":"https:\/\/www.cardiffandvalepensionfund.org.uk\/cy\/gohiriedig\/trosglwyddo-eich-buddion\/#breadcrumb"},"inLanguage":"cy-GB","potentialAction":[{"@type":"ReadAction","target":["https:\/\/www.cardiffandvalepensionfund.org.uk\/cy\/gohiriedig\/trosglwyddo-eich-buddion\/"]}]},{"@type":"BreadcrumbList","@id":"https:\/\/www.cardiffandvalepensionfund.org.uk\/cy\/gohiriedig\/trosglwyddo-eich-buddion\/#breadcrumb","itemListElement":[{"@type":"ListItem","position":1,"name":"Home","item":"https:\/\/www.cardiffandvalepensionfund.org.uk\/cy\/"},{"@type":"ListItem","position":2,"name":"Gohiriedig","item":"https:\/\/www.cardiffandvalepensionfund.org.uk\/cy\/gohiriedig\/"},{"@type":"ListItem","position":3,"name":"Trosglwyddo eich Buddion"}]},{"@type":"WebSite","@id":"https:\/\/www.cardiffandvalepensionfund.org.uk\/#website","url":"https:\/\/www.cardiffandvalepensionfund.org.uk\/","name":"Cronfa Bensiwn Caerdydd a\u2019r Bro Morgannwg","description":"Looking after your future","publisher":{"@id":"https:\/\/www.cardiffandvalepensionfund.org.uk\/#organization"},"potentialAction":[{"@type":"SearchAction","target":{"@type":"EntryPoint","urlTemplate":"https:\/\/www.cardiffandvalepensionfund.org.uk\/?s={search_term_string}"},"query-input":{"@type":"PropertyValueSpecification","valueRequired":true,"valueName":"search_term_string"}}],"inLanguage":"cy-GB"},{"@type":"Organization","@id":"https:\/\/www.cardiffandvalepensionfund.org.uk\/#organization","name":"Cardiff and Vale of Glamorgan Pension Fund","url":"https:\/\/www.cardiffandvalepensionfund.org.uk\/","logo":{"@type":"ImageObject","inLanguage":"cy-GB","@id":"https:\/\/www.cardiffandvalepensionfund.org.uk\/#\/schema\/logo\/image\/","url":"https:\/\/www.cardiffandvalepensionfund.org.uk\/wp-content\/uploads\/Logox2.png","contentUrl":"https:\/\/www.cardiffandvalepensionfund.org.uk\/wp-content\/uploads\/Logox2.png","width":511,"height":300,"caption":"Cardiff and Vale of Glamorgan Pension Fund"},"image":{"@id":"https:\/\/www.cardiffandvalepensionfund.org.uk\/#\/schema\/logo\/image\/"}}]}},"_links":{"self":[{"href":"https:\/\/www.cardiffandvalepensionfund.org.uk\/cy\/wp-json\/wp\/v2\/pages\/2259","targetHints":{"allow":["GET"]}}],"collection":[{"href":"https:\/\/www.cardiffandvalepensionfund.org.uk\/cy\/wp-json\/wp\/v2\/pages"}],"about":[{"href":"https:\/\/www.cardiffandvalepensionfund.org.uk\/cy\/wp-json\/wp\/v2\/types\/page"}],"author":[{"embeddable":true,"href":"https:\/\/www.cardiffandvalepensionfund.org.uk\/cy\/wp-json\/wp\/v2\/users\/4"}],"replies":[{"embeddable":true,"href":"https:\/\/www.cardiffandvalepensionfund.org.uk\/cy\/wp-json\/wp\/v2\/comments?post=2259"}],"version-history":[{"count":5,"href":"https:\/\/www.cardiffandvalepensionfund.org.uk\/cy\/wp-json\/wp\/v2\/pages\/2259\/revisions"}],"predecessor-version":[{"id":4378,"href":"https:\/\/www.cardiffandvalepensionfund.org.uk\/cy\/wp-json\/wp\/v2\/pages\/2259\/revisions\/4378"}],"up":[{"embeddable":true,"href":"https:\/\/www.cardiffandvalepensionfund.org.uk\/cy\/wp-json\/wp\/v2\/pages\/1103"}],"wp:attachment":[{"href":"https:\/\/www.cardiffandvalepensionfund.org.uk\/cy\/wp-json\/wp\/v2\/media?parent=2259"}],"curies":[{"name":"wp","href":"https:\/\/api.w.org\/{rel}","templated":true}]}}